{"id":12,"date":"2014-02-16T22:12:53","date_gmt":"2014-02-16T21:12:53","guid":{"rendered":"http:\/\/plats.camon.cat\/?page_id=12"},"modified":"2024-12-27T11:48:20","modified_gmt":"2024-12-27T10:48:20","slug":"receptes","status":"publish","type":"page","link":"https:\/\/platsdepalau.cat\/w2\/receptes\/","title":{"rendered":"Receptes A-Z"},"content":{"rendered":"<h3><strong>A<\/strong><\/h3>\n<p><a href=\"https:\/\/platsdepalau.cat\/w2\/blog\/2022\/12\/30\/amanida-de-festa-amb-mandarina-i-magrana\/\">Amanida de festa amb mandarina i magrana<\/a><\/p>\n<h3><strong>B<\/strong><\/h3>\n<p><a title=\"Bacall\u00e0 amb fruites seques i xampinyons\" href=\"https:\/\/platsdepalau.cat\/w2\/?p=557\">Bacall\u00e0 amb fruites seques i xampinyons<\/a><\/p>\n<p><a title=\"Bescuit de pl\u00e0tan f\u00e0cil\" href=\"https:\/\/platsdepalau.cat\/w2\/?p=759\">Bescuit de pl\u00e0tan f\u00e0cil<\/a><\/p>\n<p><a href=\"https:\/\/platsdepalau.cat\/brownie\/\">Brownie (pas a pas)<\/a><\/p>\n<h3><strong>C<\/strong><\/h3>\n<p><a title=\"Coca de recapte de tonyina\" href=\"https:\/\/platsdepalau.cat\/w2\/?p=107\">Coca de recapte de tonyina<\/a><\/p>\n<p><a href=\"https:\/\/platsdepalau.cat\/coca-de-sant-joan-amb-massa-mare\/\">Coca de Sant Joan amb massa mare de llevat<\/a><\/p>\n<h3><strong>E<\/strong><\/h3>\n<p><a href=\"https:\/\/platsdepalau.cat\/w2\/blog\/2024\/12\/27\/espirals-de-pasta-de-full-amb-pernil-a-lairfryer\/\">Espirals de pasta de full amb pernil a l&#8217;airfryer<\/a><\/p>\n<h3><strong>G<\/strong><\/h3>\n<p><a href=\"https:\/\/platsdepalau.cat\/w2\/wp-admin\/post.php?post=1809&amp;action=edit\" aria-label=\"Edita \u201cGaletes de civada i xocolata sense gluten\u201d\">Galetes de civada i xocolata sense gluten<\/a><\/p>\n<h3><strong>M<\/strong><\/h3>\n<p><a href=\"https:\/\/platsdepalau.cat\/w2\/mona-de-pasqua-de-trufa-pas-a-pas\/\">Mona de pasqua de trufa (pas a pas)<\/a><\/p>\n<h3><strong>P<\/strong><\/h3>\n<p><a title=\"Pa blanc b\u00e0sic a la panificadora\" href=\"https:\/\/platsdepalau.cat\/w2\/?p=104\">Pa blanc b\u00e0sic a la panificadora<\/a><\/p>\n<p><a title=\"Pa blanc \u201ccl\u00e0ssic\u201d\" href=\"https:\/\/platsdepalau.cat\/w2\/?p=502\">Pa blanc &#8220;cl\u00e0ssic&#8221;<\/a><\/p>\n<p><a title=\"Pa d\u2019espelta integral a la panificadora\" href=\"https:\/\/platsdepalau.cat\/w2\/?p=36\">Pa d&#8217;espelta integral a la panificadora<\/a><\/p>\n<p><a title=\"Pa de formatge fresc (Dan Lepard)\" href=\"https:\/\/platsdepalau.cat\/w2\/?p=732\">Pa de formatge fresc (Dan Lepard)<\/a><\/p>\n<p><a href=\"https:\/\/platsdepalau.cat\/w2\/pa-de-pages-amb-massa-vella-cuit-amb-cassola\/\">Pa de pag\u00e8s amb massa vella cuit en cassola<\/a><\/p>\n<p><a title=\"Pa de pag\u00e8s r\u00fastic en cassola\" href=\"https:\/\/platsdepalau.cat\/w2\/?p=660\">Pa de pag\u00e8s r\u00fastic en cassola<\/a><\/p>\n<p><a title=\"Pa de soda irland\u00e8s\" href=\"https:\/\/platsdepalau.cat\/w2\/?p=92\">Pa de soda irland\u00e8s<\/a><\/p>\n<p><a title=\"Pa entortolligat sense amassat\" href=\"https:\/\/platsdepalau.cat\/w2\/?p=119\">Pa entortolligat sense amassat<\/a><\/p>\n<p><a href=\"https:\/\/platsdepalau.cat\/w2\/pa-de-motlle-integral-de-blat-i-espelta-amb-poolish\/\">Pa de motlle integral de blat i espelta amb poolish<\/a><\/p>\n<p><a title=\"Pa sense gluten \u201cMiguel\u201d\" href=\"https:\/\/platsdepalau.cat\/w2\/?p=427\">Pa sense gluten &#8220;Miguel&#8221;<\/a><\/p>\n<p><a href=\"https:\/\/platsdepalau.cat\/w2\/panellets\/\">Panellets (pas a pas)<\/a><\/p>\n<p><a href=\"https:\/\/platsdepalau.cat\/w2\/pastis-de-fruites-del-bosc\/\">Past\u00eds de fruites del bosc<\/a><\/p>\n<p><a title=\"Past\u00eds Sacher\" href=\"https:\/\/platsdepalau.cat\/w2\/?p=138\">Past\u00eds Sacher<\/a><\/p>\n<p><a href=\"https:\/\/platsdepalau.cat\/w2\/blog\/2022\/11\/25\/pastissets-de-cardamom\/\">Pastissets de cardamom<\/a><\/p>\n<p><a href=\"https:\/\/platsdepalau.cat\/w2\/pizza-vegana-amb-farina-de-fajol-i-darros-integral\/\">Pizza vegana amb farina de fajol i d&#8217;arr\u00f2s integral<\/a><\/p>\n<p><a title=\"Pizza de verdures\" href=\"https:\/\/platsdepalau.cat\/w2\/?p=240\">Pizza de verdures<\/a><\/p>\n<h3><strong>T<\/strong><\/h3>\n<p><a href=\"https:\/\/platsdepalau.cat\/w2\/tarta-fraisier-de-xocolata-sense-gluten\/\">Tarta fraisier de xocolata (sense gluten)<\/a><\/p>\n<p><a title=\"Tortada de la iaia (coca de iogurt)\" href=\"https:\/\/platsdepalau.cat\/w2\/?p=101\">Tortada de la iaia (coca de iogurt)<\/a><\/p>\n<p><a href=\"https:\/\/platsdepalau.cat\/w2\/tortell-de-reis\/\">Tortell de Reis<\/a><\/p>\n<h3><strong>X<\/strong><\/h3>\n<p><a title=\"Xapata amb poolish\" href=\"https:\/\/platsdepalau.cat\/w2\/?p=501\">Xapata amb poolish<\/a><\/p>\n","protected":false},"excerpt":{"rendered":"<p>A Amanida de festa amb mandarina i magrana B Bacall\u00e0 amb fruites seques i xampinyons Bescuit de pl\u00e0tan f\u00e0cil Brownie (pas a pas) C Coca de recapte de tonyina Coca de Sant Joan amb massa mare de llevat E Espirals de pasta de full amb pernil a l&#8217;airfryer G Galetes de civada i xocolata sense [&hellip;]<\/p>\n","protected":false},"author":1,"featured_media":0,"parent":0,"menu_order":0,"comment_status":"closed","ping_status":"closed","template":"","meta":{"footnotes":""},"class_list":["post-12","page","type-page","status-publish","hentry"],"_links":{"self":[{"href":"https:\/\/platsdepalau.cat\/w2\/wp-json\/wp\/v2\/pages\/12","targetHints":{"allow":["GET"]}}],"collection":[{"href":"https:\/\/platsdepalau.cat\/w2\/wp-json\/wp\/v2\/pages"}],"about":[{"href":"https:\/\/platsdepalau.cat\/w2\/wp-json\/wp\/v2\/types\/page"}],"author":[{"embeddable":true,"href":"https:\/\/platsdepalau.cat\/w2\/wp-json\/wp\/v2\/users\/1"}],"replies":[{"embeddable":true,"href":"https:\/\/platsdepalau.cat\/w2\/wp-json\/wp\/v2\/comments?post=12"}],"version-history":[{"count":7,"href":"https:\/\/platsdepalau.cat\/w2\/wp-json\/wp\/v2\/pages\/12\/revisions"}],"predecessor-version":[{"id":2211,"href":"https:\/\/platsdepalau.cat\/w2\/wp-json\/wp\/v2\/pages\/12\/revisions\/2211"}],"wp:attachment":[{"href":"https:\/\/platsdepalau.cat\/w2\/wp-json\/wp\/v2\/media?parent=12"}],"curies":[{"name":"wp","href":"https:\/\/api.w.org\/{rel}","templated":true}]}}