{"id":314,"date":"2014-05-07T11:50:50","date_gmt":"2014-05-07T09:50:50","guid":{"rendered":"http:\/\/www.camon.cat\/plats\/?page_id=314"},"modified":"2014-05-07T11:50:50","modified_gmt":"2014-05-07T09:50:50","slug":"314-2","status":"publish","type":"page","link":"https:\/\/platsdepalau.cat\/w2\/314-2\/","title":{"rendered":"Sobre mi"},"content":{"rendered":"<p style=\"text-align: justify;\">Ho confesso, s\u00f3c panarra! Va ser a l&#8217;estiu del 2012, quan vaig comprar una panificadora, que vaig descobrir el m\u00f3n del pa i el que ara \u00e9s la meva gran afici\u00f3, gaireb\u00e9 d\u00e8ria. Primer nom\u00e9s feia servir la panificadora, per\u00f2 amb el temps he descobert el goig de fer un bon pa al forn de casa i us asseguro que no t\u00e9 preu!<\/p>\n<p style=\"text-align: justify;\">En aquest blog, hi trobareu les receptes amb qu\u00e8 m\u00e9s gaudeixo a la cuina: varietat de pans, masses, rebosteria i tamb\u00e9 les receptes que tenen m\u00e9s \u00e8xit a casa. Us convido a gaudir-ne!<\/p>\n<p style=\"text-align: justify;\">M. del Mar<\/p>\n","protected":false},"excerpt":{"rendered":"<p>Ho confesso, s\u00f3c panarra! Va ser a l&#8217;estiu del 2012, quan vaig comprar una panificadora, que vaig descobrir el m\u00f3n del pa i el que ara \u00e9s la meva gran afici\u00f3, gaireb\u00e9 d\u00e8ria. Primer nom\u00e9s feia servir la panificadora, per\u00f2 amb el temps he descobert el goig de fer un bon pa al forn de [&hellip;]<\/p>\n","protected":false},"author":1,"featured_media":0,"parent":0,"menu_order":100,"comment_status":"closed","ping_status":"closed","template":"","meta":{"footnotes":""},"class_list":["post-314","page","type-page","status-publish","hentry"],"_links":{"self":[{"href":"https:\/\/platsdepalau.cat\/w2\/wp-json\/wp\/v2\/pages\/314","targetHints":{"allow":["GET"]}}],"collection":[{"href":"https:\/\/platsdepalau.cat\/w2\/wp-json\/wp\/v2\/pages"}],"about":[{"href":"https:\/\/platsdepalau.cat\/w2\/wp-json\/wp\/v2\/types\/page"}],"author":[{"embeddable":true,"href":"https:\/\/platsdepalau.cat\/w2\/wp-json\/wp\/v2\/users\/1"}],"replies":[{"embeddable":true,"href":"https:\/\/platsdepalau.cat\/w2\/wp-json\/wp\/v2\/comments?post=314"}],"version-history":[{"count":0,"href":"https:\/\/platsdepalau.cat\/w2\/wp-json\/wp\/v2\/pages\/314\/revisions"}],"wp:attachment":[{"href":"https:\/\/platsdepalau.cat\/w2\/wp-json\/wp\/v2\/media?parent=314"}],"curies":[{"name":"wp","href":"https:\/\/api.w.org\/{rel}","templated":true}]}}