{"id":78,"date":"2014-02-20T19:25:29","date_gmt":"2014-02-20T18:25:29","guid":{"rendered":"http:\/\/www.camon.cat\/plats\/?page_id=78"},"modified":"2020-04-12T13:14:42","modified_gmt":"2020-04-12T11:14:42","slug":"pa-blanc","status":"publish","type":"page","link":"https:\/\/platsdepalau.cat\/w2\/pa\/pa-blanc\/","title":{"rendered":"Pa blanc"},"content":{"rendered":"<p><a title=\"Pa blanc b\u00e0sic a la panificadora\" href=\"https:\/\/platsdepalau.cat\/w2\/?p=104\">Pa blanc b\u00e0sic a la panificadora<\/a><\/p>\n<p><a title=\"Pa blanc \u201ccl\u00e0ssic\u201d\" href=\"https:\/\/platsdepalau.cat\/w2\/?p=502\">Pa blanc &#8220;cl\u00e0ssic&#8221;<\/a><\/p>\n<p><a title=\"Pa de formatge fresc (Dan Lepard)\" href=\"https:\/\/platsdepalau.cat\/w2\/?p=732\">Pa de formatge fresc (Dan Lepard)<\/a><\/p>\n<p><a href=\"https:\/\/platsdepalau.cat\/w2\/pa-de-pages-amb-massa-vella-cuit-amb-cassola\/\">Pa de pag\u00e8s amb massa vella cuit en cassola<\/a><\/p>\n<p><a title=\"Pa de pag\u00e8s r\u00fastic en cassola\" https:=\"\" platsdepalau.cat=\"\" w2=\"\" ?p=\"660&quot;\">Pa de pag\u00e8s r\u00fastic en cassola<\/a><\/p>\n<p><a title=\"Pa entortolligat sense amassat\" href=\"https:\/\/platsdepalau.cat\/w2\/?p=119\">Pa entortolligat sense amassat<\/a><\/p>\n<p><a title=\"Pa sense gluten \u201cMiguel\u201d\" href=\"https:\/\/platsdepalau.cat\/w2\/?p=427\">Pa sense gluten &#8220;Miguel&#8221;<\/a><\/p>\n<p><a title=\"Xapata amb poolish\" href=\"https:\/\/platsdepalau.cat\/w2\/?p=501\">Xapata amb poolish<\/a><\/p>\n<p>&nbsp;<\/p>\n<p>&nbsp;<\/p>\n<p>&nbsp;<\/p>\n","protected":false},"excerpt":{"rendered":"<p>Pa blanc b\u00e0sic a la panificadora Pa blanc &#8220;cl\u00e0ssic&#8221; Pa de formatge fresc (Dan Lepard) Pa de pag\u00e8s amb massa vella cuit en cassola Pa de pag\u00e8s r\u00fastic en cassola Pa entortolligat sense amassat Pa sense gluten &#8220;Miguel&#8221; Xapata amb poolish &nbsp; &nbsp; &nbsp;<\/p>\n","protected":false},"author":1,"featured_media":0,"parent":15,"menu_order":3,"comment_status":"closed","ping_status":"open","template":"","meta":{"footnotes":""},"class_list":["post-78","page","type-page","status-publish","hentry"],"_links":{"self":[{"href":"https:\/\/platsdepalau.cat\/w2\/wp-json\/wp\/v2\/pages\/78","targetHints":{"allow":["GET"]}}],"collection":[{"href":"https:\/\/platsdepalau.cat\/w2\/wp-json\/wp\/v2\/pages"}],"about":[{"href":"https:\/\/platsdepalau.cat\/w2\/wp-json\/wp\/v2\/types\/page"}],"author":[{"embeddable":true,"href":"https:\/\/platsdepalau.cat\/w2\/wp-json\/wp\/v2\/users\/1"}],"replies":[{"embeddable":true,"href":"https:\/\/platsdepalau.cat\/w2\/wp-json\/wp\/v2\/comments?post=78"}],"version-history":[{"count":1,"href":"https:\/\/platsdepalau.cat\/w2\/wp-json\/wp\/v2\/pages\/78\/revisions"}],"predecessor-version":[{"id":1816,"href":"https:\/\/platsdepalau.cat\/w2\/wp-json\/wp\/v2\/pages\/78\/revisions\/1816"}],"up":[{"embeddable":true,"href":"https:\/\/platsdepalau.cat\/w2\/wp-json\/wp\/v2\/pages\/15"}],"wp:attachment":[{"href":"https:\/\/platsdepalau.cat\/w2\/wp-json\/wp\/v2\/media?parent=78"}],"curies":[{"name":"wp","href":"https:\/\/api.w.org\/{rel}","templated":true}]}}